{"id":210,"date":"2024-05-06T16:43:15","date_gmt":"2024-05-06T19:43:15","guid":{"rendered":"https:\/\/testes.resultpubli.com\/lpbrunagarcia\/?page_id=210"},"modified":"2024-05-06T16:50:06","modified_gmt":"2024-05-06T19:50:06","slug":"politica-de-privacidade","status":"publish","type":"page","link":"https:\/\/testes.resultpubli.com\/lpbrunagarcia\/politica-de-privacidade\/","title":{"rendered":"Pol\u00edtica de privacidade"},"content":{"rendered":"\t\t<div data-elementor-type=\"wp-page\" data-elementor-id=\"210\" class=\"elementor elementor-210\" data-elementor-post-type=\"page\">\n\t\t\t\t<div class=\"elementor-element elementor-element-7c1082b e-flex e-con-boxed e-con e-parent\" data-id=\"7c1082b\" data-element_type=\"container\">\n\t\t\t\t\t<div class=\"e-con-inner\">\n\t\t\t\t<div class=\"elementor-element elementor-element-d64e477 elementor-widget elementor-widget-heading\" data-id=\"d64e477\" data-element_type=\"widget\" data-widget_type=\"heading.default\">\n\t\t\t\t<div class=\"elementor-widget-container\">\n\t\t\t<style>\/*! elementor - v3.21.0 - 30-04-2024 *\/\n.elementor-heading-title{padding:0;margin:0;line-height:1}.elementor-widget-heading .elementor-heading-title[class*=elementor-size-]>a{color:inherit;font-size:inherit;line-height:inherit}.elementor-widget-heading .elementor-heading-title.elementor-size-small{font-size:15px}.elementor-widget-heading .elementor-heading-title.elementor-size-medium{font-size:19px}.elementor-widget-heading .elementor-heading-title.elementor-size-large{font-size:29px}.elementor-widget-heading .elementor-heading-title.elementor-size-xl{font-size:39px}.elementor-widget-heading .elementor-heading-title.elementor-size-xxl{font-size:59px}<\/style><h2 class=\"elementor-heading-title elementor-size-default\">Pol\u00edtica de privacidade<\/h2>\t\t<\/div>\n\t\t\t\t<\/div>\n\t\t\t\t<div class=\"elementor-element elementor-element-a6e414e elementor-widget elementor-widget-text-editor\" data-id=\"a6e414e\" data-element_type=\"widget\" data-widget_type=\"text-editor.default\">\n\t\t\t\t<div class=\"elementor-widget-container\">\n\t\t\t<style>\/*! elementor - v3.21.0 - 30-04-2024 *\/\n.elementor-widget-text-editor.elementor-drop-cap-view-stacked .elementor-drop-cap{background-color:#69727d;color:#fff}.elementor-widget-text-editor.elementor-drop-cap-view-framed .elementor-drop-cap{color:#69727d;border:3px solid;background-color:transparent}.elementor-widget-text-editor:not(.elementor-drop-cap-view-default) .elementor-drop-cap{margin-top:8px}.elementor-widget-text-editor:not(.elementor-drop-cap-view-default) .elementor-drop-cap-letter{width:1em;height:1em}.elementor-widget-text-editor .elementor-drop-cap{float:left;text-align:center;line-height:1;font-size:50px}.elementor-widget-text-editor .elementor-drop-cap-letter{display:inline-block}<\/style>\t\t\t\t<p>A sua privacidade \u00e9 importante para n\u00f3s. \u00c9 pol\u00edtica da Cl\u00ednica Bruna Garcia respeitar a sua privacidade em rela\u00e7\u00e3o a qualquer informa\u00e7\u00e3o que possamos coletar no site Cl\u00ednica Bruna Garcia, e outros sites que possu\u00edmos e operamos.<\/p><p>Solicitamos informa\u00e7\u00f5es pessoais apenas quando realmente precisamos delas para lhe fornecer um servi\u00e7o. Fazemo-lo por meios justos e legais, com o seu conhecimento e consentimento. Tamb\u00e9m informamos por que estamos coletando e como ser\u00e1 usado.<\/p><p>Apenas retemos as informa\u00e7\u00f5es coletadas pelo tempo necess\u00e1rio para fornecer o servi\u00e7o solicitado. Quando armazenamos dados, Cl\u00ednica Bruna Garcia dentro de meios comercialmente aceit\u00e1veis \u200b\u200bpara evitar perdas e roubos, bem como acesso, divulga\u00e7\u00e3o, c\u00f3pia, uso ou modifica\u00e7\u00e3o n\u00e3o autorizados.<\/p><p>N\u00e3o compartilhamos informa\u00e7\u00f5es de identifica\u00e7\u00e3o pessoal publicamente ou com terceiros, exceto quando exigido por lei.<\/p><p>O nosso site pode ter links para sites externos que n\u00e3o s\u00e3o operados por n\u00f3s. Esteja ciente de que n\u00e3o temos controle sobre o conte\u00fado e pr\u00e1ticas desses sites e n\u00e3o podemos aceitar responsabilidade por suas respectivas pol\u00edticas de privacidade.<\/p><p>Voc\u00ea \u00e9 livre para recusar a nossa solicita\u00e7\u00e3o de informa\u00e7\u00f5es pessoais, entendendo que talvez n\u00e3o possamos fornecer alguns dos servi\u00e7os desejados.<\/p><p>O uso continuado de nosso site ser\u00e1 considerado como aceita\u00e7\u00e3o de nossas pr\u00e1ticas em torno de privacidade e informa\u00e7\u00f5es pessoais. Se voc\u00ea tiver alguma d\u00favida sobre como lidamos com dados do usu\u00e1rio e informa\u00e7\u00f5es pessoais, entre em contacto conosco.<\/p><p><br \/>Compromisso do Usu\u00e1rio<br \/>O usu\u00e1rio se compromete a fazer uso adequado dos conte\u00fados e da informa\u00e7\u00e3o que a Cl\u00ednica Bruna Garcia oferece no site e com car\u00e1ter enunciativo, mas n\u00e3o limitativo:<\/p><p>A) N\u00e3o se envolver em atividades que sejam ilegais ou contr\u00e1rias \u00e0 boa f\u00e9 a \u00e0 ordem p\u00fablica;<br \/>B) N\u00e3o difundir propaganda ou conte\u00fado de natureza racista, xenof\u00f3bica, bbebbet ou azar, qualquer tipo de pornografia ilegal, de apologia ao terrorismo ou contra os direitos humanos;<br \/>C) N\u00e3o causar danos aos sistemas f\u00edsicos (hardwares) e l\u00f3gicos (softwares) da Cl\u00ednica Bruna Garcia, de seus fornecedores ou terceiros, para introduzir ou disseminar v\u00edrus inform\u00e1ticos ou quaisquer outros sistemas de hardware ou software que sejam capazes de causar danos anteriormente mencionados.<\/p><p>Mais informa\u00e7\u00f5es<br \/>Esperemos que esteja esclarecido e, como mencionado anteriormente, se houver algo que voc\u00ea n\u00e3o tem certeza se precisa ou n\u00e3o, geralmente \u00e9 mais seguro deixar os cookies ativados, caso interaja com um dos recursos que voc\u00ea usa em nosso site.<\/p><p>Cookies<\/p><p>Em o que foi enviado como sugest\u00e3o e contratado ano passado: clinicalupselo.com.br , nos esfor\u00e7amos para honrar a privacidade e a seguran\u00e7a de quaisquer dados que coletamos dos visitantes usando nosso site, enquanto atuamos como um Controlador de Dados Pessoais sob regras e regulamentos relevantes de prote\u00e7\u00e3o de dados.<\/p><p>Nosso site usa cookies, em combina\u00e7\u00e3o com pixels, objetos de armazenamento locais e dispositivos similares (coletivamente, &#8220;cookies&#8221; a menos que seja observado em contr\u00e1rio) para distingui-lo de outros usu\u00e1rios do site. Isso nos ajuda a fornecer uma boa experi\u00eancia, melhorar nosso servi\u00e7o e personalizar an\u00fancios e conte\u00fado para voc\u00ea enquanto voc\u00ea usa o site.<\/p><p>Esta pol\u00edtica de cookies descreve os tipos de cookies que usamos no site e nossos prop\u00f3sitos para us\u00e1-los.<\/p><p>Se voc\u00ea tiver d\u00favidas sobre este Aviso de Cookies, entre em contato conosco.<\/p><p>Para obter uma descri\u00e7\u00e3o mais completa e lista dos cookies que usamos atualmente no site, revise nossa Lista de Cookies encontrada na se\u00e7\u00e3o 5 deste documento.<\/p><p>Leia este Aviso de Cookies atentamente para obter detalhes sobre por que usamos cookies e as informa\u00e7\u00f5es coletadas de voc\u00ea.<\/p><p>Defini\u00e7\u00f5es de cookies<\/p><p>Um cookie \u00e9 um pequeno arquivo de letras e n\u00fameros que armazenamos no seu navegador ou no disco r\u00edgido do seu dispositivo, que \u00e9 como a mem\u00f3ria do computador.<\/p><p>Cookies prim\u00e1rios e de terceiros: se um cookie \u00e9 &#8216;prim\u00e1rio&#8217; ou &#8216;de terceiros&#8217; refere-se ao dom\u00ednio que coloca o cookie.<\/p><p>Cookies prim\u00e1rios s\u00e3o aqueles definidos por um site que est\u00e1 sendo visitado pelo usu\u00e1rio no momento (por exemplo, cookies colocados pelo nosso dom\u00ednio do site).<\/p><p>Cookies de terceiros s\u00e3o cookies definidos por um dom\u00ednio diferente do site que est\u00e1 sendo visitado pelo usu\u00e1rio. Se um usu\u00e1rio visitar um site e outra entidade definir um cookie atrav\u00e9s desse site, este seria um cookie de terceiros.<\/p><p>Cookies persistentes: esses cookies permanecem no dispositivo do usu\u00e1rio pelo per\u00edodo de tempo especificado no cookie. Eles s\u00e3o ativados cada vez que o usu\u00e1rio visita o site que criou esse cookie em particular.<\/p><p>Cookies de sess\u00e3o: esses cookies permitem que as operadoras de sites vinculem as a\u00e7\u00f5es de um usu\u00e1rio durante uma sess\u00e3o de navegador. Uma sess\u00e3o do navegador come\u00e7a quando um usu\u00e1rio abre a janela do navegador e termina quando fecha a janela do navegador. Os cookies de sess\u00e3o s\u00e3o criados temporariamente. Depois de fechar o navegador, todos os cookies de sess\u00e3o s\u00e3o exclu\u00eddos.<\/p><p>Quais cookies usamos e por qu\u00ea?<\/p><p>Geralmente, o site usa cookies para distingui-lo de outros usu\u00e1rios do site. Isso nos ajuda a proporcionar uma boa experi\u00eancia ao navegar no site e tamb\u00e9m nos permite melhor\u00e1-lo. Os cookies que podemos usar no site podem ser categorizados da seguinte forma:<\/p><p>Estritamente necess\u00e1rios<br \/>Desempenho<br \/>Funcionalidade<br \/>Direcionamento \/ Marketing<br \/>*Alguns cookies podem cumprir mais de um desses prop\u00f3sitos.<\/p><p>&#8212;<br \/>Os cookies &#8216;Estritamente Necess\u00e1rios&#8217; permitem que voc\u00ea se mova pelo site e use recursos essenciais, como \u00e1reas seguras. Sem estes cookies, n\u00e3o podemos fornecer os servi\u00e7os solicitados.<\/p><p>Usamos estes cookies estritamente necess\u00e1rios para:<\/p><p>&#8211; Identificar voc\u00ea como sendo logado e autenticado no site;<br \/>&#8211; Para fins de seguran\u00e7a;<br \/>&#8211; Certificar que ao se conectar ao servi\u00e7o desejado no site quando fizermos qualquer altera\u00e7\u00e3o na maneira como ele funciona ele continue operacional;<br \/>Se voc\u00ea impedir esses cookies, n\u00e3o podemos garantir como o site ou a seguran\u00e7a no site se comportaram durante a sua visita.<\/p><p>\u00a0<\/p><p>&#8212;<br \/>Os cookies de &#8216;Desempenho&#8217; coletam informa\u00e7\u00f5es sobre como voc\u00ea usa o site, por exemplo, quais p\u00e1ginas voc\u00ea visita e se voc\u00ea experimenta algum erro. Esses cookies n\u00e3o coletam nenhuma informa\u00e7\u00e3o que possa identific\u00e1-lo e s\u00e3o usados apenas para nos ajudar a melhorar o funcionamento do site, entender os interesses de nossos usu\u00e1rios e medir a efic\u00e1cia de nossa publicidade.<\/p><p>Usamos cookies de desempenho para:<\/p><p>&#8211; Realizar an\u00e1lises web: Fornecer estat\u00edsticas sobre como o site \u00e9 usado;<br \/>&#8211; Realizar o rastreamento de afiliados: Fornecer feedback para entidades afiliadas que um de nossos visitantes tamb\u00e9m visitou seu site;<br \/>&#8211; Obter dados sobre o n\u00famero de usu\u00e1rios do site que visualizaram um produto ou servi\u00e7o;<br \/>&#8211; Ajudar-nos a melhorar o site medindo quaisquer erros que ocorram;<br \/>&#8211; Testar diferentes projetos para o site<br \/>*Alguns de nossos cookies de desempenho s\u00e3o gerenciados para n\u00f3s por terceiros.<\/p><p>&#8212;<br \/>Os cookies de &#8216;Funcionalidade&#8217; s\u00e3o usados para fornecer servi\u00e7os ou para lembrar de configura\u00e7\u00f5es para melhorar sua visita.<\/p>\t\t\t\t\t\t<\/div>\n\t\t\t\t<\/div>\n\t\t\t\t\t<\/div>\n\t\t\t\t<\/div>\n\t\t\t\t<\/div>\n\t\t","protected":false},"excerpt":{"rendered":"<p>A sua privacidade \u00e9 importante para n\u00f3s. \u00c9 pol\u00edtica da Cl\u00ednica Bruna Garcia respeitar a sua privacidade em rela\u00e7\u00e3o a qualquer informa\u00e7\u00e3o que possamos coletar no site Cl\u00ednica Bruna Garcia, e outros sites que possu\u00edmos e operamos. Solicitamos informa\u00e7\u00f5es pessoais apenas quando realmente precisamos delas para lhe fornecer um servi\u00e7o. Fazemo-lo por meios justos e [&hellip;]<\/p>\n","protected":false},"author":1,"featured_media":0,"parent":0,"menu_order":0,"comment_status":"closed","ping_status":"closed","template":"elementor_header_footer","meta":{"footnotes":""},"class_list":["post-210","page","type-page","status-publish","hentry"],"_links":{"self":[{"href":"https:\/\/testes.resultpubli.com\/lpbrunagarcia\/wp-json\/wp\/v2\/pages\/210","targetHints":{"allow":["GET"]}}],"collection":[{"href":"https:\/\/testes.resultpubli.com\/lpbrunagarcia\/wp-json\/wp\/v2\/pages"}],"about":[{"href":"https:\/\/testes.resultpubli.com\/lpbrunagarcia\/wp-json\/wp\/v2\/types\/page"}],"author":[{"embeddable":true,"href":"https:\/\/testes.resultpubli.com\/lpbrunagarcia\/wp-json\/wp\/v2\/users\/1"}],"replies":[{"embeddable":true,"href":"https:\/\/testes.resultpubli.com\/lpbrunagarcia\/wp-json\/wp\/v2\/comments?post=210"}],"version-history":[{"count":4,"href":"https:\/\/testes.resultpubli.com\/lpbrunagarcia\/wp-json\/wp\/v2\/pages\/210\/revisions"}],"predecessor-version":[{"id":217,"href":"https:\/\/testes.resultpubli.com\/lpbrunagarcia\/wp-json\/wp\/v2\/pages\/210\/revisions\/217"}],"wp:attachment":[{"href":"https:\/\/testes.resultpubli.com\/lpbrunagarcia\/wp-json\/wp\/v2\/media?parent=210"}],"curies":[{"name":"wp","href":"https:\/\/api.w.org\/{rel}","templated":true}]}}